{"id":850,"date":"2018-06-28T00:59:24","date_gmt":"2018-06-28T03:59:24","guid":{"rendered":"https:\/\/isfd81-bue.infd.edu.ar\/sitio\/la-cooperadora\/"},"modified":"2025-08-26T15:39:46","modified_gmt":"2025-08-26T18:39:46","slug":"la-cooperadora","status":"publish","type":"page","link":"https:\/\/isfd81-bue.infd.edu.ar\/sitio\/la-cooperadora\/","title":{"rendered":"La Cooperadora"},"content":{"rendered":"\n<h2 class=\"wp-block-heading has-text-align-center\"><strong>Cooperadora<\/strong><\/h2>\n\n\n\n<h4 class=\"wp-block-heading has-text-align-center\">cooperadora@isfdyt81.edu.ar<\/h4>\n\n\n\n<h4 class=\"wp-block-heading has-text-align-center\"><strong>Presidenta<\/strong><\/h4>\n\n\n\n<p class=\"has-text-align-center\">Luc\u00eda Bel\u00e9n Alvarez Lucero.<\/p>\n\n\n\n<h4 class=\"wp-block-heading has-text-align-center\"><strong>Vice-Presidente<\/strong><\/h4>\n\n\n\n<p class=\"has-text-align-center\">Julieta In\u00e9s Velazco<\/p>\n\n\n\n<p class=\"has-text-align-center\"><strong>Secretario<\/strong><\/p>\n\n\n\n<p class=\"has-text-align-center\">Karina Gisele Suarez<\/p>\n\n\n\n<p class=\"has-text-align-center\"><strong>Pro-Secretario<\/strong><\/p>\n\n\n\n<p class=\"has-text-align-center\">Noelia Moro<\/p>\n\n\n\n<p class=\"has-text-align-center\"><strong>Tesorero<\/strong><\/p>\n\n\n\n<p class=\"has-text-align-center\">Ver\u00f3nica Anah\u00ed Mart\u00ednez<\/p>\n\n\n\n<p class=\"has-text-align-center\"><strong>Pro-Tesorero<\/strong><\/p>\n\n\n\n<p class=\"has-text-align-center\">Mauro G\u00f3mez<\/p>\n\n\n\n<p class=\"has-text-align-center\"><strong>Vocales Titulares y Suplentes<\/strong><\/p>\n\n\n\n<p class=\"has-text-align-center\">Luciana L\u00f3pez<\/p>\n\n\n\n<p class=\"has-text-align-center\">Walter Daniel Malaguti<\/p>\n\n\n\n<p class=\"has-text-align-center\">Camila Mejias<\/p>\n\n\n\n<p class=\"has-text-align-center\">Luz Malena Suarez<\/p>\n\n\n\n<p class=\"has-text-align-center\">Micaela Robledo Moretti<\/p>\n\n\n\n<p class=\"has-text-align-center\">Solange Rocio Osuna<\/p>\n\n\n\n<p class=\"has-text-align-center\">Mar\u00eda de los Milagros Lisazo<\/p>\n\n\n\n<p class=\"has-text-align-center\">Carolina Galindo<\/p>\n\n\n\n<p class=\"has-text-align-center\"><strong>Comisi\u00f3n Revisora de cuentas<\/strong><\/p>\n\n\n\n<p class=\"has-text-align-center\">Viviana Analia Bombelli<\/p>\n\n\n\n<p class=\"has-text-align-center\">Milagros Guffanti<\/p>\n\n\n\n<p class=\"has-text-align-center\">Lucila Pennini<\/p>\n","protected":false},"excerpt":{"rendered":"<p>Cooperadora cooperadora@isfdyt81.edu.ar Presidenta Luc\u00eda Bel\u00e9n Alvarez Lucero. Vice-Presidente Julieta In\u00e9s Velazco Secretario Karina Gisele Suarez Pro-Secretario Noelia Moro Tesorero Ver\u00f3nica Anah\u00ed Mart\u00ednez Pro-Tesorero Mauro G\u00f3mez Vocales Titulares y Suplentes Luciana L\u00f3pez Walter Daniel Malaguti Camila Mejias Luz Malena Suarez Micaela Robledo Moretti Solange Rocio Osuna Mar\u00eda de los Milagros Lisazo Carolina Galindo Comisi\u00f3n Revisora de &#8230; <a title=\"La Cooperadora\" class=\"read-more\" href=\"https:\/\/isfd81-bue.infd.edu.ar\/sitio\/la-cooperadora\/\" aria-label=\"More on La Cooperadora\">[+]<\/a><\/p>\n","protected":false},"author":43,"featured_media":0,"parent":0,"menu_order":0,"comment_status":"closed","ping_status":"closed","template":"","meta":[],"acf":[],"_links":{"self":[{"href":"https:\/\/isfd81-bue.infd.edu.ar\/sitio\/wp-json\/wp\/v2\/pages\/850"}],"collection":[{"href":"https:\/\/isfd81-bue.infd.edu.ar\/sitio\/wp-json\/wp\/v2\/pages"}],"about":[{"href":"https:\/\/isfd81-bue.infd.edu.ar\/sitio\/wp-json\/wp\/v2\/types\/page"}],"author":[{"embeddable":true,"href":"https:\/\/isfd81-bue.infd.edu.ar\/sitio\/wp-json\/wp\/v2\/users\/43"}],"replies":[{"embeddable":true,"href":"https:\/\/isfd81-bue.infd.edu.ar\/sitio\/wp-json\/wp\/v2\/comments?post=850"}],"version-history":[{"count":2,"href":"https:\/\/isfd81-bue.infd.edu.ar\/sitio\/wp-json\/wp\/v2\/pages\/850\/revisions"}],"predecessor-version":[{"id":1207,"href":"https:\/\/isfd81-bue.infd.edu.ar\/sitio\/wp-json\/wp\/v2\/pages\/850\/revisions\/1207"}],"wp:attachment":[{"href":"https:\/\/isfd81-bue.infd.edu.ar\/sitio\/wp-json\/wp\/v2\/media?parent=850"}],"curies":[{"name":"wp","href":"https:\/\/api.w.org\/{rel}","templated":true}]}}