{"id":286,"date":"2016-10-31T13:17:59","date_gmt":"2016-10-31T16:17:59","guid":{"rendered":"https:\/\/isfd81-bue.infd.edu.ar\/sitio\/?page_id=286"},"modified":"2025-08-19T20:31:36","modified_gmt":"2025-08-19T23:31:36","slug":"inicio","status":"publish","type":"page","link":"https:\/\/isfd81-bue.infd.edu.ar\/sitio\/","title":{"rendered":"Inicio"},"content":{"rendered":"\n<h2 class=\"wp-block-heading has-text-align-center\"><span style=\"color: #800000;\">\u00a0<strong><em>\u00a0<\/em><\/strong><strong><em>Instituto Superior de Formaci\u00f3n Docente y T\u00e9cnica N\u00ba 81<\/em><\/strong><\/span><\/h2>\n\n\n<div class=\"wp-block-image\">\n<figure class=\"aligncenter\"><img decoding=\"async\" loading=\"lazy\" width=\"800\" height=\"382\" src=\"https:\/\/isfd81-bue.infd.edu.ar\/sitio\/wp-content\/uploads\/2018\/06\/81.png\" alt=\"\" class=\"wp-image-938\" srcset=\"https:\/\/isfd81-bue.infd.edu.ar\/sitio\/wp-content\/uploads\/2018\/06\/81.png 800w, https:\/\/isfd81-bue.infd.edu.ar\/sitio\/wp-content\/uploads\/2018\/06\/81-768x367.png 768w\" sizes=\"(max-width: 800px) 100vw, 800px\" \/><\/figure><\/div>\n\n\n<p class=\"has-text-align-center\"><\/p>\n\n\n\n<p class=\"has-text-align-center\"><strong><em>\u00a0<\/em><\/strong><em>Este el espacio del Instituto Superior de Formaci\u00f3n Docente y T\u00e9cnica N\u00b0 81 de la Provincia de Buenos Aires. Lugar de encuentro disponible para toda la comunidad acad\u00e9mica. A trav\u00e9s de esta herramienta podremos estar en contacto; aqu\u00ed encontrar\u00e1s novedades, informaci\u00f3n \u00fatil, las normas vigentes para la Educaci\u00f3n en la Provincia y\u00a0para este Instituto en particular. Es el sitio que nos acercar\u00e1 para compartir experiencias, requerir e impartir asesoramiento para docentes, alumnos y todos aquellos interesados en ser parte de esta comunidad educativa.<\/em><\/p>\n\n\n\n<h1 class=\"wp-block-heading has-text-align-center\"><em>\u00abEstudiar nunca estuvo tan bueno\u00bb<\/em>\u00a0<\/h1>\n","protected":false},"excerpt":{"rendered":"<p>\u00a0\u00a0Instituto Superior de Formaci\u00f3n Docente y T\u00e9cnica N\u00ba 81 \u00a0Este el espacio del Instituto Superior de Formaci\u00f3n Docente y T\u00e9cnica N\u00b0 81 de la Provincia de Buenos Aires. Lugar de encuentro disponible para toda la comunidad acad\u00e9mica. A trav\u00e9s de esta herramienta podremos estar en contacto; aqu\u00ed encontrar\u00e1s novedades, informaci\u00f3n \u00fatil, las normas vigentes para &#8230; <a title=\"Inicio\" class=\"read-more\" href=\"https:\/\/isfd81-bue.infd.edu.ar\/sitio\/\" aria-label=\"More on Inicio\">[+]<\/a><\/p>\n","protected":false},"author":1,"featured_media":0,"parent":0,"menu_order":0,"comment_status":"closed","ping_status":"closed","template":"","meta":[],"acf":[],"_links":{"self":[{"href":"https:\/\/isfd81-bue.infd.edu.ar\/sitio\/wp-json\/wp\/v2\/pages\/286"}],"collection":[{"href":"https:\/\/isfd81-bue.infd.edu.ar\/sitio\/wp-json\/wp\/v2\/pages"}],"about":[{"href":"https:\/\/isfd81-bue.infd.edu.ar\/sitio\/wp-json\/wp\/v2\/types\/page"}],"author":[{"embeddable":true,"href":"https:\/\/isfd81-bue.infd.edu.ar\/sitio\/wp-json\/wp\/v2\/users\/1"}],"replies":[{"embeddable":true,"href":"https:\/\/isfd81-bue.infd.edu.ar\/sitio\/wp-json\/wp\/v2\/comments?post=286"}],"version-history":[{"count":84,"href":"https:\/\/isfd81-bue.infd.edu.ar\/sitio\/wp-json\/wp\/v2\/pages\/286\/revisions"}],"predecessor-version":[{"id":1133,"href":"https:\/\/isfd81-bue.infd.edu.ar\/sitio\/wp-json\/wp\/v2\/pages\/286\/revisions\/1133"}],"wp:attachment":[{"href":"https:\/\/isfd81-bue.infd.edu.ar\/sitio\/wp-json\/wp\/v2\/media?parent=286"}],"curies":[{"name":"wp","href":"https:\/\/api.w.org\/{rel}","templated":true}]}}