{"id":1270,"date":"2025-08-26T21:42:33","date_gmt":"2025-08-27T00:42:33","guid":{"rendered":"https:\/\/isfd81-bue.infd.edu.ar\/sitio\/?page_id=1270"},"modified":"2025-08-26T22:01:32","modified_gmt":"2025-08-27T01:01:32","slug":"practicas","status":"publish","type":"page","link":"https:\/\/isfd81-bue.infd.edu.ar\/sitio\/practicas\/","title":{"rendered":"Pr\u00e1cticas"},"content":{"rendered":"\n<p class=\"has-medium-font-size\"><strong><em>Planes de Pr\u00e1ctica<\/em><\/strong><\/p>\n\n\n\n<div class=\"wp-block-file\"><object class=\"wp-block-file__embed\" data=\"https:\/\/isfd81-bue.infd.edu.ar\/sitio\/wp-content\/uploads\/2025\/08\/INICIAL-PRIMARIA-ESPECIAL-Plan-de-Practicas-y-Residencia-2025.pdf\" type=\"application\/pdf\" style=\"width:100%;height:600px\" aria-label=\"Incrustado de INICIAL-PRIMARIA-ESPECIAL-Plan-de-Practicas-y-Residencia-2025.\"><\/object><a id=\"wp-block-file--media-6c739385-ab94-4dfe-8c7e-1b2a49227bfc\" href=\"https:\/\/isfd81-bue.infd.edu.ar\/sitio\/wp-content\/uploads\/2025\/08\/INICIAL-PRIMARIA-ESPECIAL-Plan-de-Practicas-y-Residencia-2025.pdf\">INICIAL-PRIMARIA-ESPECIAL-Plan-de-Practicas-y-Residencia-2025<\/a><a href=\"https:\/\/isfd81-bue.infd.edu.ar\/sitio\/wp-content\/uploads\/2025\/08\/INICIAL-PRIMARIA-ESPECIAL-Plan-de-Practicas-y-Residencia-2025.pdf\" class=\"wp-block-file__button wp-element-button\" download aria-describedby=\"wp-block-file--media-6c739385-ab94-4dfe-8c7e-1b2a49227bfc\">Descarga<\/a><\/div>\n\n\n\n<p><\/p>\n\n\n\n<p class=\"has-medium-font-size\"><em><strong>Modelo de Carta Pedido de Espacios<\/strong><\/em><\/p>\n\n\n\n<div class=\"wp-block-file\"><a id=\"wp-block-file--media-c0c947b1-0726-47f2-828e-08a25664dd76\" href=\"https:\/\/isfd81-bue.infd.edu.ar\/sitio\/wp-content\/uploads\/2025\/08\/ModeloCartaPedidoDeEspacios.docx\">ModeloCartaPedidoDeEspacios<\/a><a href=\"https:\/\/isfd81-bue.infd.edu.ar\/sitio\/wp-content\/uploads\/2025\/08\/ModeloCartaPedidoDeEspacios.docx\" class=\"wp-block-file__button wp-element-button\" download aria-describedby=\"wp-block-file--media-c0c947b1-0726-47f2-828e-08a25664dd76\">Descarga<\/a><\/div>\n\n\n\n<p><\/p>\n\n\n\n<p class=\"has-medium-font-size\"><strong><em>Modelo Carta 2 (para presentar luego de acordar los espacios)<\/em><\/strong><\/p>\n\n\n\n<div class=\"wp-block-file\"><a id=\"wp-block-file--media-c90baa6a-c934-4824-9e1a-900b8bac5531\" href=\"https:\/\/isfd81-bue.infd.edu.ar\/sitio\/wp-content\/uploads\/2025\/08\/ModeloCarta2.docx\">ModeloCarta2<\/a><a href=\"https:\/\/isfd81-bue.infd.edu.ar\/sitio\/wp-content\/uploads\/2025\/08\/ModeloCarta2.docx\" class=\"wp-block-file__button wp-element-button\" download aria-describedby=\"wp-block-file--media-c90baa6a-c934-4824-9e1a-900b8bac5531\">Descarga<\/a><\/div>\n\n\n\n<p><\/p>\n\n\n\n<p class=\"has-medium-font-size\"><strong><em>Acta Acuerdo Instituci\u00f3n Asociada<\/em><\/strong><\/p>\n\n\n\n<div class=\"wp-block-file\"><a id=\"wp-block-file--media-7f573e0d-6c2f-4cc0-94fc-7ce75f89f82c\" href=\"https:\/\/isfd81-bue.infd.edu.ar\/sitio\/wp-content\/uploads\/2025\/08\/ACTA_ACUERDO_Institucion_Asociada_\u2013_Instituto_Superior_de_Formacion_Docente_y_Tecnica_No_81.docx\">ACTA_ACUERDO_Institucion_Asociada_\u2013_Instituto_Superior_de_Formacion_Docente_y_Tecnica_No_81<\/a><a href=\"https:\/\/isfd81-bue.infd.edu.ar\/sitio\/wp-content\/uploads\/2025\/08\/ACTA_ACUERDO_Institucion_Asociada_\u2013_Instituto_Superior_de_Formacion_Docente_y_Tecnica_No_81.docx\" class=\"wp-block-file__button wp-element-button\" download aria-describedby=\"wp-block-file--media-7f573e0d-6c2f-4cc0-94fc-7ce75f89f82c\">Descarga<\/a><\/div>\n\n\n\n<p><\/p>\n\n\n\n<p class=\"has-medium-font-size\"><strong><em>ITINERARIO DE ACOMPA\u00d1AMIENTO Y SUPERVISI\u00d3N A ESTUDIANTES<\/em><\/strong><\/p>\n\n\n\n<div class=\"wp-block-file\"><a id=\"wp-block-file--media-9683a93c-abfc-4f50-a736-207bfa7b5490\" href=\"https:\/\/isfd81-bue.infd.edu.ar\/sitio\/wp-content\/uploads\/2025\/08\/ITINERARIO-DE-ACOMPANAMIENTO-Y-SUPERVISION-A-ESTUDIANTES.docx\">ITINERARIO-DE-ACOMPANAMIENTO-Y-SUPERVISION-A-ESTUDIANTES<\/a><a href=\"https:\/\/isfd81-bue.infd.edu.ar\/sitio\/wp-content\/uploads\/2025\/08\/ITINERARIO-DE-ACOMPANAMIENTO-Y-SUPERVISION-A-ESTUDIANTES.docx\" class=\"wp-block-file__button wp-element-button\" download aria-describedby=\"wp-block-file--media-9683a93c-abfc-4f50-a736-207bfa7b5490\">Descarga<\/a><\/div>\n\n\n\n<p><\/p>\n\n\n\n<p class=\"has-medium-font-size\"><strong><em>Formulario Pr\u00e1cticas Estudiantes<\/em><\/strong><\/p>\n\n\n\n<p><a href=\"https:\/\/forms.gle\/q1SFcXFbMDFm7TsS9\">PRACTICAS EDUCATIVAS ESTUDIANTES<\/a><\/p>\n\n\n\n<p class=\"has-medium-font-size\"><strong><em>Formulario Itinerario de acompa\u00f1amiento y supervisi\u00f3n a estudiantes<\/em><\/strong><\/p>\n\n\n\n<p><a href=\"https:\/\/forms.gle\/DsCjyXgBRMhZWo967\">Itinerario de acompa\u00f1amiento y supervisi\u00f3n a estudiantes<\/a><\/p>\n","protected":false},"excerpt":{"rendered":"<p>Planes de Pr\u00e1ctica Modelo de Carta Pedido de Espacios Modelo Carta 2 (para presentar luego de acordar los espacios) Acta Acuerdo Instituci\u00f3n Asociada ITINERARIO DE ACOMPA\u00d1AMIENTO Y SUPERVISI\u00d3N A ESTUDIANTES Formulario Pr\u00e1cticas Estudiantes PRACTICAS EDUCATIVAS ESTUDIANTES Formulario Itinerario de acompa\u00f1amiento y supervisi\u00f3n a estudiantes Itinerario de acompa\u00f1amiento y supervisi\u00f3n a estudiantes<\/p>\n","protected":false},"author":1708,"featured_media":0,"parent":0,"menu_order":0,"comment_status":"closed","ping_status":"closed","template":"","meta":[],"acf":[],"_links":{"self":[{"href":"https:\/\/isfd81-bue.infd.edu.ar\/sitio\/wp-json\/wp\/v2\/pages\/1270"}],"collection":[{"href":"https:\/\/isfd81-bue.infd.edu.ar\/sitio\/wp-json\/wp\/v2\/pages"}],"about":[{"href":"https:\/\/isfd81-bue.infd.edu.ar\/sitio\/wp-json\/wp\/v2\/types\/page"}],"author":[{"embeddable":true,"href":"https:\/\/isfd81-bue.infd.edu.ar\/sitio\/wp-json\/wp\/v2\/users\/1708"}],"replies":[{"embeddable":true,"href":"https:\/\/isfd81-bue.infd.edu.ar\/sitio\/wp-json\/wp\/v2\/comments?post=1270"}],"version-history":[{"count":2,"href":"https:\/\/isfd81-bue.infd.edu.ar\/sitio\/wp-json\/wp\/v2\/pages\/1270\/revisions"}],"predecessor-version":[{"id":1278,"href":"https:\/\/isfd81-bue.infd.edu.ar\/sitio\/wp-json\/wp\/v2\/pages\/1270\/revisions\/1278"}],"wp:attachment":[{"href":"https:\/\/isfd81-bue.infd.edu.ar\/sitio\/wp-json\/wp\/v2\/media?parent=1270"}],"curies":[{"name":"wp","href":"https:\/\/api.w.org\/{rel}","templated":true}]}}