{"id":1257,"date":"2025-08-26T20:29:53","date_gmt":"2025-08-26T23:29:53","guid":{"rendered":"https:\/\/isfd81-bue.infd.edu.ar\/sitio\/?page_id=1257"},"modified":"2025-08-26T20:29:54","modified_gmt":"2025-08-26T23:29:54","slug":"documentos","status":"publish","type":"page","link":"https:\/\/isfd81-bue.infd.edu.ar\/sitio\/documentos\/","title":{"rendered":"Documentos"},"content":{"rendered":"\n<h2 class=\"wp-block-heading\"><strong>Resoluciones, comunicaciones, documentos de trabajo y formularios administrativos.<\/strong><\/h2>\n\n\n\n<ul>\n<li><a href=\"https:\/\/isfdyt81.edu.ar\/wp-content\/uploads\/2024\/11\/REGIMEN-MARCO-2024.pdf\">Resoluci\u00f3n 4196\/24 R\u00e9gimen Acad\u00e9mico Marco y sus anexos<\/a><\/li>\n\n\n\n<li><a href=\"https:\/\/isfdyt81.edu.ar\/wp-content\/uploads\/2024\/12\/CI06-24.-ANEXO-3-CONSIDERACION-DE-ASPECTOS-PROCEDIMENTALES.pdf\" target=\"_blank\" rel=\"noreferrer noopener\">R\u00e9gimen Acad\u00e9mico Marco: Condiciones para la implementaci\u00f3n de las propuestas pedag\u00f3gicas combinadas<\/a><\/li>\n\n\n\n<li><a href=\"https:\/\/isfdyt81.edu.ar\/wp-content\/uploads\/2024\/10\/Resolucion_Salidas_Educativas_2024.pdf\" target=\"_blank\" rel=\"noreferrer noopener\">Resoluci\u00f3n Salidas Educativas Res. 3871\/24<\/a><\/li>\n\n\n\n<li><a href=\"https:\/\/drive.google.com\/drive\/folders\/1tv7IuianDrMsxuMltBlD7oVETiy48Eku?usp=sharing\" target=\"_blank\" rel=\"noreferrer noopener\">Anexos Salidas Educativas Res. 3871\/24 (Editables)<\/a><\/li>\n\n\n\n<li><a rel=\"noreferrer noopener\" href=\"https:\/\/isfdyt81.edu.ar\/\/wp-content\/uploads\/2015\/12\/resolucion5886_03.doc\" target=\"_blank\">Resoluci\u00f3n N\u00b0 5886\/03<\/a>&nbsp;Ingreso a la docencia por medio de selecci\u00f3n por evaluaci\u00f3n de t\u00edtulos, antecedentes y oposici\u00f3n.<\/li>\n\n\n\n<li><a href=\"https:\/\/isfdyt81.edu.ar\/\/wp-content\/uploads\/2015\/12\/disposicion30_05.doc\" target=\"_blank\" rel=\"noreferrer noopener\">Disposici\u00f3n N\u00b0 30\/05<\/a>&nbsp;Formato de los Proyectos de Trabajo de las C\u00e1tedras.<\/li>\n\n\n\n<li><a href=\"https:\/\/isfdyt81.edu.ar\/wp-content\/uploads\/2019\/10\/Resolucion_4044-09_CAI.pdf\" target=\"_blank\" rel=\"noreferrer noopener\">Resoluci\u00f3n N\u00b0 4044\/09 \u2013 Normativa sobre el Consejo Acad\u00e9mico Institucional (CAI)<\/a><\/li>\n\n\n\n<li><a href=\"https:\/\/isfdyt81.edu.ar\/wp-content\/uploads\/2018\/10\/Formulario-SET4-Calificacion.pdf\" target=\"_blank\" rel=\"noreferrer noopener\">SET 4<\/a><\/li>\n\n\n\n<li><a href=\"https:\/\/isfdyt81.edu.ar\/wp-content\/uploads\/2024\/03\/Declaracion-Jurada-horarios-con-reverso-2024.xls\" target=\"_blank\" rel=\"noreferrer noopener\">Formulario DDJJ HORARIOS<\/a><\/li>\n\n\n\n<li><a href=\"https:\/\/isfdyt81.edu.ar\/wp-content\/uploads\/2023\/04\/D1.docx\" target=\"_blank\" rel=\"noreferrer noopener\">Formulario D2<\/a><\/li>\n\n\n\n<li><a rel=\"noreferrer noopener\" href=\"https:\/\/isfdyt81.edu.ar\/wp-content\/uploads\/2023\/04\/D3-Actualizacion-Legajo-Docente.pdf\" target=\"_blank\">Formulario D3<\/a><\/li>\n\n\n\n<li><a href=\"https:\/\/isfdyt81.edu.ar\/wp-content\/uploads\/2023\/06\/2023-Formacion-Docente-y-Cultura-digital.pdf\">Formaci\u00f3n Docente y Cultura Digital \u2013 Documento de trabajo<\/a><\/li>\n\n\n\n<li><a href=\"https:\/\/isfdyt81.edu.ar\/wp-content\/uploads\/2023\/06\/2023-Formacion-Docente-y-ESI-DOC-20230601-WA0028.pdf\">Formaci\u00f3n Docente y Cultura Digital \u2013 Comunicaci\u00f3n<\/a><\/li>\n\n\n\n<li><a href=\"https:\/\/isfdyt81.edu.ar\/wp-content\/uploads\/2023\/06\/2023-ESI-en-la-Formacion-Docente.pdf\">Formaci\u00f3n Docente y ESI \u2013 Documento de trabajo<\/a><\/li>\n\n\n\n<li><a href=\"https:\/\/isfdyt81.edu.ar\/wp-content\/uploads\/2023\/06\/2023-Formacion-Docente-y-ESI-DOC-20230601-WA0028.pdf\">Formaci\u00f3n Docente y ESI \u2013 Comunicaci\u00f3n<\/a><\/li>\n\n\n\n<li><a href=\"https:\/\/isfdyt81.edu.ar\/wp-content\/uploads\/2022\/05\/res_4043_09_regimen_academico_marco_des.pdf\" target=\"_blank\" rel=\"noreferrer noopener\">Resoluci\u00f3n N\u00b0 4043\/09&nbsp;\u2013&nbsp;R\u00e9gimen de aprobaci\u00f3n Acad\u00e9mico Marco para los Institutos Superiores de Formaci\u00f3n Docente y T\u00e9cnica.<\/a><\/li>\n\n\n\n<li><a href=\"https:\/\/isfdyt81.edu.ar\/wp-content\/uploads\/2022\/05\/RESFC-2017-1639-E-GDEBA-DGCYE.pdf\">Resoluci\u00f3n N\u00ba 1639\/17 \u2013 Educaci\u00f3n Superior \u2013 Condiciones Acad\u00e9micas \u2013 Institutos Superiores de Formaci\u00f3n Docente y T\u00e9cnica.<\/a><\/li>\n<\/ul>\n","protected":false},"excerpt":{"rendered":"<p>Resoluciones, comunicaciones, documentos de trabajo y formularios administrativos.<\/p>\n","protected":false},"author":1708,"featured_media":0,"parent":0,"menu_order":0,"comment_status":"closed","ping_status":"closed","template":"","meta":[],"acf":[],"_links":{"self":[{"href":"https:\/\/isfd81-bue.infd.edu.ar\/sitio\/wp-json\/wp\/v2\/pages\/1257"}],"collection":[{"href":"https:\/\/isfd81-bue.infd.edu.ar\/sitio\/wp-json\/wp\/v2\/pages"}],"about":[{"href":"https:\/\/isfd81-bue.infd.edu.ar\/sitio\/wp-json\/wp\/v2\/types\/page"}],"author":[{"embeddable":true,"href":"https:\/\/isfd81-bue.infd.edu.ar\/sitio\/wp-json\/wp\/v2\/users\/1708"}],"replies":[{"embeddable":true,"href":"https:\/\/isfd81-bue.infd.edu.ar\/sitio\/wp-json\/wp\/v2\/comments?post=1257"}],"version-history":[{"count":1,"href":"https:\/\/isfd81-bue.infd.edu.ar\/sitio\/wp-json\/wp\/v2\/pages\/1257\/revisions"}],"predecessor-version":[{"id":1258,"href":"https:\/\/isfd81-bue.infd.edu.ar\/sitio\/wp-json\/wp\/v2\/pages\/1257\/revisions\/1258"}],"wp:attachment":[{"href":"https:\/\/isfd81-bue.infd.edu.ar\/sitio\/wp-json\/wp\/v2\/media?parent=1257"}],"curies":[{"name":"wp","href":"https:\/\/api.w.org\/{rel}","templated":true}]}}