{"id":1255,"date":"2025-08-26T20:28:38","date_gmt":"2025-08-26T23:28:38","guid":{"rendered":"https:\/\/isfd81-bue.infd.edu.ar\/sitio\/?page_id=1255"},"modified":"2025-08-26T20:28:39","modified_gmt":"2025-08-26T23:28:39","slug":"formularios","status":"publish","type":"page","link":"https:\/\/isfd81-bue.infd.edu.ar\/sitio\/formularios\/","title":{"rendered":"Formularios"},"content":{"rendered":"\n<h2 class=\"wp-block-heading\"><strong>Formularios Educaci\u00f3n Superior \u2013 Alumnos<\/strong><\/h2>\n\n\n\n<p><a href=\"https:\/\/isfdyt81.edu.ar\/wp-content\/uploads\/2019\/12\/Planilla_Inscripcion.pdf\">Planilla de Inscripci\u00f3n a carrera <\/a><a href=\"https:\/\/isfdyt81.edu.ar\/wp-content\/uploads\/2019\/12\/Planilla_Inscripcion.pdf\">Descarga<\/a><\/p>\n\n\n\n<p><a rel=\"noreferrer noopener\" href=\"https:\/\/isfdyt81.edu.ar\/\/wp-content\/uploads\/2015\/12\/A4a-Ficha-Foniatrica.pdf\" target=\"_blank\">A4a: Ficha Foni\u00e1trica.<\/a><\/p>\n\n\n\n<p><a rel=\"noreferrer noopener\" href=\"https:\/\/isfdyt81.edu.ar\/\/wp-content\/uploads\/2015\/12\/A7-Alumno-regular.pdf\" target=\"_blank\">A7: Constancia de alumno regular<\/a>.<\/p>\n\n\n\n<p><a rel=\"noreferrer noopener\" href=\"https:\/\/isfdyt81.edu.ar\/\/wp-content\/uploads\/2015\/12\/A8-Asistencia-a-Examen.pdf\" target=\"_blank\">A8: Certificado de asistencia a Examen<\/a>.<\/p>\n\n\n\n<p><a rel=\"noreferrer noopener\" href=\"https:\/\/isfdyt81.edu.ar\/wp-content\/uploads\/2023\/10\/CONSTANCIA-ASISTENCIA-A-PRACTICA-ALUMNOS.pdf\" target=\"_blank\">A11: Constancia de Observaciones, Pr\u00e1cticas y Residencia<\/a><a href=\"https:\/\/isfdyt81.edu.ar\/wp-content\/uploads\/2023\/10\/CONSTANCIA-ASISTENCIA-A-PRACTICA-ALUMNOS.pdf\"> <\/a><a href=\"https:\/\/isfdyt81.edu.ar\/wp-content\/uploads\/2023\/10\/CONSTANCIA-ASISTENCIA-A-PRACTICA-ALUMNOS.pdf\">Descarga<\/a><\/p>\n\n\n\n<p><a rel=\"noreferrer noopener\" href=\"https:\/\/isfdyt81.edu.ar\/\/wp-content\/uploads\/2015\/12\/A11a-Constancia-Campamentos.pdf\" target=\"_blank\">A11a: Constancia de campamentos, trabajos pr\u00e1cticos obligatorios y\/o lecciones de paseo<\/a>.<\/p>\n\n\n\n<p><a rel=\"noreferrer noopener\" href=\"https:\/\/isfdyt81.edu.ar\/\/wp-content\/uploads\/2015\/12\/A14-Solicitud-de-Equivalencia-Resumen.pdf\" target=\"_blank\">A14: Solicitud de Equivalencia \u2013 Resumen<\/a>.<\/p>\n\n\n\n<p><a rel=\"noreferrer noopener\" href=\"https:\/\/isfdyt81.edu.ar\/\/wp-content\/uploads\/2015\/12\/A14a-Solicitud-de-Equivalencia-Por-asignatura.pdf\" target=\"_blank\">A14a: Solicitud de Equivalencia \u2013 Por asignatura<\/a>.<\/p>\n\n\n\n<p><a href=\"https:\/\/isfdyt81.edu.ar\/wp-content\/uploads\/2015\/12\/CONSTANCIA-DE-NO-BECA.pdf\">Constancia de no beca<\/a><\/p>\n","protected":false},"excerpt":{"rendered":"<p>Formularios Educaci\u00f3n Superior \u2013 Alumnos Planilla de Inscripci\u00f3n a carrera Descarga A4a: Ficha Foni\u00e1trica. A7: Constancia de alumno regular. A8: Certificado de asistencia a Examen. A11: Constancia de Observaciones, Pr\u00e1cticas y Residencia Descarga A11a: Constancia de campamentos, trabajos pr\u00e1cticos obligatorios y\/o lecciones de paseo. A14: Solicitud de Equivalencia \u2013 Resumen. A14a: Solicitud de Equivalencia \u2013 &#8230; <a title=\"Formularios\" class=\"read-more\" href=\"https:\/\/isfd81-bue.infd.edu.ar\/sitio\/formularios\/\" aria-label=\"More on Formularios\">[+]<\/a><\/p>\n","protected":false},"author":1708,"featured_media":0,"parent":0,"menu_order":0,"comment_status":"closed","ping_status":"closed","template":"","meta":[],"acf":[],"_links":{"self":[{"href":"https:\/\/isfd81-bue.infd.edu.ar\/sitio\/wp-json\/wp\/v2\/pages\/1255"}],"collection":[{"href":"https:\/\/isfd81-bue.infd.edu.ar\/sitio\/wp-json\/wp\/v2\/pages"}],"about":[{"href":"https:\/\/isfd81-bue.infd.edu.ar\/sitio\/wp-json\/wp\/v2\/types\/page"}],"author":[{"embeddable":true,"href":"https:\/\/isfd81-bue.infd.edu.ar\/sitio\/wp-json\/wp\/v2\/users\/1708"}],"replies":[{"embeddable":true,"href":"https:\/\/isfd81-bue.infd.edu.ar\/sitio\/wp-json\/wp\/v2\/comments?post=1255"}],"version-history":[{"count":1,"href":"https:\/\/isfd81-bue.infd.edu.ar\/sitio\/wp-json\/wp\/v2\/pages\/1255\/revisions"}],"predecessor-version":[{"id":1256,"href":"https:\/\/isfd81-bue.infd.edu.ar\/sitio\/wp-json\/wp\/v2\/pages\/1255\/revisions\/1256"}],"wp:attachment":[{"href":"https:\/\/isfd81-bue.infd.edu.ar\/sitio\/wp-json\/wp\/v2\/media?parent=1255"}],"curies":[{"name":"wp","href":"https:\/\/api.w.org\/{rel}","templated":true}]}}