{"id":1223,"date":"2025-08-26T16:20:09","date_gmt":"2025-08-26T19:20:09","guid":{"rendered":"https:\/\/isfd81-bue.infd.edu.ar\/sitio\/?page_id=1223"},"modified":"2025-08-26T17:00:59","modified_gmt":"2025-08-26T20:00:59","slug":"informacion-de-carreras","status":"publish","type":"page","link":"https:\/\/isfd81-bue.infd.edu.ar\/sitio\/informacion-de-carreras\/","title":{"rendered":"Informaci\u00f3n de Carreras"},"content":{"rendered":"\n<h2 class=\"wp-block-heading\"><strong><em>Carreras del Instituto Superior de Formaci\u00f3n Docente y T\u00e9cnica N\u00ba 81<\/em><\/strong><\/h2>\n\n\n\n<hr class=\"wp-block-separator has-css-opacity\"\/>\n\n\n\n<h3 class=\"wp-block-heading\"><strong>Profesorado de Educaci\u00f3n Primaria<\/strong><\/h3>\n\n\n\n<p>Duraci\u00f3n: 4 a\u00f1os.<\/p>\n\n\n\n<div class=\"wp-block-file\"><object class=\"wp-block-file__embed\" data=\"https:\/\/isfd81-bue.infd.edu.ar\/sitio\/wp-content\/uploads\/2025\/08\/Res-Educ-Inicial-Primaria.pdf\" type=\"application\/pdf\" style=\"width:100%;height:600px\" aria-label=\"Incrustado de Res-Educ-Inicial-Primaria.\"><\/object><a id=\"wp-block-file--media-7ddc959d-c337-4e06-8ec5-7d5f81ad510c\" href=\"https:\/\/isfd81-bue.infd.edu.ar\/sitio\/wp-content\/uploads\/2025\/08\/Res-Educ-Inicial-Primaria.pdf\">Res-Educ-Inicial-Primaria<\/a><a href=\"https:\/\/isfd81-bue.infd.edu.ar\/sitio\/wp-content\/uploads\/2025\/08\/Res-Educ-Inicial-Primaria.pdf\" class=\"wp-block-file__button wp-element-button\" download aria-describedby=\"wp-block-file--media-7ddc959d-c337-4e06-8ec5-7d5f81ad510c\">Descarga<\/a><\/div>\n\n\n\n<hr class=\"wp-block-separator has-css-opacity\"\/>\n\n\n\n<h3 class=\"wp-block-heading\"><strong>Profesorado de Educaci\u00f3n Inicial<\/strong><\/h3>\n\n\n\n<p><strong>SEDE C. N. Otamendi<\/strong><\/p>\n\n\n\n<p>Duraci\u00f3n: 4 a\u00f1os.<\/p>\n\n\n\n<div class=\"wp-block-file\"><object class=\"wp-block-file__embed\" data=\"https:\/\/isfd81-bue.infd.edu.ar\/sitio\/wp-content\/uploads\/2025\/08\/Res-Educ-Inicial-Primaria-1.pdf\" type=\"application\/pdf\" style=\"width:100%;height:600px\" aria-label=\"Incrustado de Res-Educ-Inicial-Primaria-1.\"><\/object><a id=\"wp-block-file--media-c4d67d39-2f12-4f02-8279-d59a2d84a0e9\" href=\"https:\/\/isfd81-bue.infd.edu.ar\/sitio\/wp-content\/uploads\/2025\/08\/Res-Educ-Inicial-Primaria-1.pdf\">Res-Educ-Inicial-Primaria-1<\/a><a href=\"https:\/\/isfd81-bue.infd.edu.ar\/sitio\/wp-content\/uploads\/2025\/08\/Res-Educ-Inicial-Primaria-1.pdf\" class=\"wp-block-file__button wp-element-button\" download aria-describedby=\"wp-block-file--media-c4d67d39-2f12-4f02-8279-d59a2d84a0e9\">Descarga<\/a><\/div>\n\n\n\n<hr class=\"wp-block-separator has-css-opacity\"\/>\n\n\n\n<h3 class=\"wp-block-heading\"><strong>Profesorado de Matem\u00e1tica. Res. 13259\/99 (en ciclo cerrado)<\/strong><\/h3>\n\n\n\n<p>Duraci\u00f3n: 4 a\u00f1os.<\/p>\n\n\n\n<div class=\"wp-block-file\"><object class=\"wp-block-file__embed\" data=\"https:\/\/isfd81-bue.infd.edu.ar\/sitio\/wp-content\/uploads\/2025\/08\/Res-Matematica.pdf\" type=\"application\/pdf\" style=\"width:100%;height:600px\" aria-label=\"Incrustado de Res-Matematica.\"><\/object><a id=\"wp-block-file--media-f28e288a-e699-4e9f-bdd7-f75d0a7309b5\" href=\"https:\/\/isfd81-bue.infd.edu.ar\/sitio\/wp-content\/uploads\/2025\/08\/Res-Matematica.pdf\">Res-Matematica<\/a><a href=\"https:\/\/isfd81-bue.infd.edu.ar\/sitio\/wp-content\/uploads\/2025\/08\/Res-Matematica.pdf\" class=\"wp-block-file__button wp-element-button\" download aria-describedby=\"wp-block-file--media-f28e288a-e699-4e9f-bdd7-f75d0a7309b5\">Descarga<\/a><\/div>\n\n\n\n<hr class=\"wp-block-separator has-css-opacity\"\/>\n\n\n\n<h3 class=\"wp-block-heading\"><strong>Profesorado de Matem\u00e1tica<\/strong>. <strong>Res. 1861\/17&nbsp;<\/strong><\/h3>\n\n\n\n<p>Duraci\u00f3n: 4 a\u00f1os.<\/p>\n\n\n\n<div class=\"wp-block-file\"><object class=\"wp-block-file__embed\" data=\"https:\/\/isfd81-bue.infd.edu.ar\/sitio\/wp-content\/uploads\/2025\/08\/Matematica-Res.-1861-17-1.pdf\" type=\"application\/pdf\" style=\"width:100%;height:600px\" aria-label=\"Incrustado de Matematica-Res.-1861-17-1.\"><\/object><a id=\"wp-block-file--media-ecf3ba67-99c8-4763-8c85-2c9f9e4e4e2e\" href=\"https:\/\/isfd81-bue.infd.edu.ar\/sitio\/wp-content\/uploads\/2025\/08\/Matematica-Res.-1861-17-1.pdf\">Matematica-Res.-1861-17-1<\/a><a href=\"https:\/\/isfd81-bue.infd.edu.ar\/sitio\/wp-content\/uploads\/2025\/08\/Matematica-Res.-1861-17-1.pdf\" class=\"wp-block-file__button wp-element-button\" download aria-describedby=\"wp-block-file--media-ecf3ba67-99c8-4763-8c85-2c9f9e4e4e2e\">Descarga<\/a><\/div>\n\n\n\n<hr class=\"wp-block-separator has-alpha-channel-opacity\"\/>\n\n\n\n<h3 class=\"wp-block-heading\"><strong>Profesorado de Lengua y Literatura Res. 13259\/99 (en ciclo cerrado)<\/strong><\/h3>\n\n\n\n<p>Duraci\u00f3n: 4 a\u00f1os.<br>Horario: 13:15 a 17:30 <\/p>\n\n\n\n<div class=\"wp-block-file\"><object class=\"wp-block-file__embed\" data=\"https:\/\/isfd81-bue.infd.edu.ar\/sitio\/wp-content\/uploads\/2025\/08\/Res-Lengua-y-Literatura-Res1999.pdf\" type=\"application\/pdf\" style=\"width:100%;height:600px\" aria-label=\"Incrustado de Res-Lengua-y-Literatura-Res1999.\"><\/object><a id=\"wp-block-file--media-baa15c78-86ab-488b-8bc3-c4b59b5c7869\" href=\"https:\/\/isfd81-bue.infd.edu.ar\/sitio\/wp-content\/uploads\/2025\/08\/Res-Lengua-y-Literatura-Res1999.pdf\">Res-Lengua-y-Literatura-Res1999<\/a><a href=\"https:\/\/isfd81-bue.infd.edu.ar\/sitio\/wp-content\/uploads\/2025\/08\/Res-Lengua-y-Literatura-Res1999.pdf\" class=\"wp-block-file__button wp-element-button\" download aria-describedby=\"wp-block-file--media-baa15c78-86ab-488b-8bc3-c4b59b5c7869\">Descarga<\/a><\/div>\n\n\n\n<hr class=\"wp-block-separator has-css-opacity\"\/>\n\n\n\n<h3 class=\"wp-block-heading\"><strong>Profesorado de Lengua y Literatura Res. 1862\/17<\/strong><\/h3>\n\n\n\n<p>Duraci\u00f3n: 4 a\u00f1os.<\/p>\n\n\n\n<div class=\"wp-block-file\"><object class=\"wp-block-file__embed\" data=\"https:\/\/isfd81-bue.infd.edu.ar\/sitio\/wp-content\/uploads\/2025\/08\/Lengua-y-Literatura-Res-1862-17.pdf\" type=\"application\/pdf\" style=\"width:100%;height:600px\" aria-label=\"Incrustado de Lengua-y-Literatura-Res-1862-17.\"><\/object><a id=\"wp-block-file--media-e750e30d-7fb0-43dd-bd4c-0a02d8a2ff21\" href=\"https:\/\/isfd81-bue.infd.edu.ar\/sitio\/wp-content\/uploads\/2025\/08\/Lengua-y-Literatura-Res-1862-17.pdf\">Lengua-y-Literatura-Res-1862-17<\/a><a href=\"https:\/\/isfd81-bue.infd.edu.ar\/sitio\/wp-content\/uploads\/2025\/08\/Lengua-y-Literatura-Res-1862-17.pdf\" class=\"wp-block-file__button wp-element-button\" download aria-describedby=\"wp-block-file--media-e750e30d-7fb0-43dd-bd4c-0a02d8a2ff21\">Descarga<\/a><\/div>\n\n\n\n<hr class=\"wp-block-separator has-css-opacity\"\/>\n\n\n\n<h3 class=\"wp-block-heading\"><strong>Profesorado de Historia<\/strong> <strong>(en ciclo cerrado)<\/strong><\/h3>\n\n\n\n<p>Duraci\u00f3n: 4 a\u00f1os.<br>Horario: 17:30 a 22:45   <\/p>\n\n\n\n<div class=\"wp-block-file\"><object class=\"wp-block-file__embed\" data=\"https:\/\/isfd81-bue.infd.edu.ar\/sitio\/wp-content\/uploads\/2025\/08\/Res-Historia.pdf\" type=\"application\/pdf\" style=\"width:100%;height:600px\" aria-label=\"Incrustado de Res-Historia.\"><\/object><a id=\"wp-block-file--media-21e48467-c899-4dfd-b1c6-45291ee1e5e9\" href=\"https:\/\/isfd81-bue.infd.edu.ar\/sitio\/wp-content\/uploads\/2025\/08\/Res-Historia.pdf\">Res-Historia<\/a><a href=\"https:\/\/isfd81-bue.infd.edu.ar\/sitio\/wp-content\/uploads\/2025\/08\/Res-Historia.pdf\" class=\"wp-block-file__button wp-element-button\" download aria-describedby=\"wp-block-file--media-21e48467-c899-4dfd-b1c6-45291ee1e5e9\">Descarga<\/a><\/div>\n\n\n\n<hr class=\"wp-block-separator has-css-opacity\"\/>\n\n\n\n<h3 class=\"wp-block-heading\"><strong>Profesorado de Tercer Ciclo de la EGB y de la Educaci\u00f3n Polimodal en Geograf\u00eda Res. N\u00ba 26\/03 y 4664\/03<\/strong> <strong>(en ciclo cerrado)<\/strong><\/h3>\n\n\n\n<p> Duraci\u00f3n: 4 a\u00f1os.<\/p>\n\n\n\n<div class=\"wp-block-file\"><object class=\"wp-block-file__embed\" data=\"https:\/\/isfd81-bue.infd.edu.ar\/sitio\/wp-content\/uploads\/2025\/08\/Geografia2020.pdf\" type=\"application\/pdf\" style=\"width:100%;height:600px\" aria-label=\"Incrustado de Geografia2020.\"><\/object><a id=\"wp-block-file--media-24b093c5-b44b-4420-a074-a0f51150adc2\" href=\"https:\/\/isfd81-bue.infd.edu.ar\/sitio\/wp-content\/uploads\/2025\/08\/Geografia2020.pdf\">Geografia2020<\/a><a href=\"https:\/\/isfd81-bue.infd.edu.ar\/sitio\/wp-content\/uploads\/2025\/08\/Geografia2020.pdf\" class=\"wp-block-file__button wp-element-button\" download aria-describedby=\"wp-block-file--media-24b093c5-b44b-4420-a074-a0f51150adc2\">Descarga<\/a><\/div>\n\n\n\n<hr class=\"wp-block-separator has-alpha-channel-opacity\"\/>\n\n\n\n<h3 class=\"wp-block-heading\"><strong>PROFESORADO DE EDUCACI\u00d3N SECUNDARIA EN HISTORIA 2022<\/strong><\/h3>\n\n\n\n<p>Duraci\u00f3n: 4 a\u00f1os.<\/p>\n\n\n\n<div class=\"wp-block-file\"><object class=\"wp-block-file__embed\" data=\"https:\/\/isfdyt81.edu.ar\/wp-content\/uploads\/2023\/03\/PROFESORADO-DE-EDUCACION-SECUNDARIA-EN-HISTORIA-2022.pdf\" type=\"application\/pdf\" style=\"width:100%;height:600px\" aria-label=\"Incrustado de PROFESORADO-DE-EDUCACION-SECUNDARIA-EN-HISTORIA-2022.\"><\/object><a id=\"wp-block-file--media-b5ab4fe8-1ae9-41d0-a140-1a8e9fecc270\" href=\"https:\/\/isfdyt81.edu.ar\/wp-content\/uploads\/2023\/03\/PROFESORADO-DE-EDUCACION-SECUNDARIA-EN-HISTORIA-2022.pdf\">PROFESORADO-DE-EDUCACION-SECUNDARIA-EN-HISTORIA-2022<\/a><a href=\"https:\/\/isfdyt81.edu.ar\/wp-content\/uploads\/2023\/03\/PROFESORADO-DE-EDUCACION-SECUNDARIA-EN-HISTORIA-2022.pdf\" class=\"wp-block-file__button wp-element-button\" download aria-describedby=\"wp-block-file--media-b5ab4fe8-1ae9-41d0-a140-1a8e9fecc270\">Descarga<\/a><\/div>\n\n\n\n<hr class=\"wp-block-separator has-css-opacity\"\/>\n\n\n\n<h3 class=\"wp-block-heading\"><strong>PROFESORADO DE EDUCACI\u00d3N SECUNDARIA EN GEOGRAF\u00cdA 2022<\/strong><\/h3>\n\n\n\n<p>Duraci\u00f3n: 4 a\u00f1os<\/p>\n\n\n\n<div class=\"wp-block-file\"><object class=\"wp-block-file__embed\" data=\"https:\/\/isfdyt81.edu.ar\/wp-content\/uploads\/2023\/03\/PROFESORADO-DE-EDUCACION-SECUNDARIA-EN-GEOGRAFIA-2022.pdf\" type=\"application\/pdf\" style=\"width:100%;height:600px\" aria-label=\"Incrustado de PROFESORADO-DE-EDUCACION-SECUNDARIA-EN-GEOGRAFIA-2022.\"><\/object><a id=\"wp-block-file--media-e64e61c1-86a5-4437-ace4-754fff88525b\" href=\"https:\/\/isfdyt81.edu.ar\/wp-content\/uploads\/2023\/03\/PROFESORADO-DE-EDUCACION-SECUNDARIA-EN-GEOGRAFIA-2022.pdf\">PROFESORADO-DE-EDUCACION-SECUNDARIA-EN-GEOGRAFIA-2022<\/a><a href=\"https:\/\/isfdyt81.edu.ar\/wp-content\/uploads\/2023\/03\/PROFESORADO-DE-EDUCACION-SECUNDARIA-EN-GEOGRAFIA-2022.pdf\" class=\"wp-block-file__button wp-element-button\" download aria-describedby=\"wp-block-file--media-e64e61c1-86a5-4437-ace4-754fff88525b\">Descarga<\/a><\/div>\n\n\n\n<hr class=\"wp-block-separator has-alpha-channel-opacity\"\/>\n\n\n\n<h3 class=\"wp-block-heading\"><strong>Profesorado de Educaci\u00f3n Especial<\/strong> (en ciclo cerrado)<\/h3>\n\n\n\n<p>Duraci\u00f3n: 4 a\u00f1os.<\/p>\n\n\n\n<div class=\"wp-block-file\"><object class=\"wp-block-file__embed\" data=\"https:\/\/isfd81-bue.infd.edu.ar\/sitio\/wp-content\/uploads\/2025\/08\/Res-Educacion-Especial-1.pdf\" type=\"application\/pdf\" style=\"width:100%;height:600px\" aria-label=\"Incrustado de Res-Educacion-Especial-1.\"><\/object><a id=\"wp-block-file--media-f406f12b-0eff-488b-b1d8-52003e9736e3\" href=\"https:\/\/isfd81-bue.infd.edu.ar\/sitio\/wp-content\/uploads\/2025\/08\/Res-Educacion-Especial-1.pdf\">Res-Educacion-Especial-1<\/a><a href=\"https:\/\/isfd81-bue.infd.edu.ar\/sitio\/wp-content\/uploads\/2025\/08\/Res-Educacion-Especial-1.pdf\" class=\"wp-block-file__button wp-element-button\" download aria-describedby=\"wp-block-file--media-f406f12b-0eff-488b-b1d8-52003e9736e3\">Descarga<\/a><\/div>\n\n\n\n<hr class=\"wp-block-separator has-css-opacity\"\/>\n\n\n\n<h3 class=\"wp-block-heading\"><strong>Profesorado de Ingl\u00e9s Res. 13259\/99 (en ciclo cerrado)<\/strong><\/h3>\n\n\n\n<p>CUFBA (Curso de Formaci\u00f3n B\u00e1sica en Ingl\u00e9s) &#8211; <br>Duraci\u00f3n: 1 a\u00f1o.<br><\/p>\n\n\n\n<p>Duraci\u00f3n: 4 a\u00f1os.<\/p>\n\n\n\n<div class=\"wp-block-file\"><object class=\"wp-block-file__embed\" data=\"https:\/\/isfd81-bue.infd.edu.ar\/sitio\/wp-content\/uploads\/2025\/08\/Ingles-Res.-1860-17-1.pdf\" type=\"application\/pdf\" style=\"width:100%;height:600px\" aria-label=\"Incrustado de Ingles-Res.-1860-17-1.\"><\/object><a id=\"wp-block-file--media-704fca6b-f222-43d0-890d-5c62e8ffff4a\" href=\"https:\/\/isfd81-bue.infd.edu.ar\/sitio\/wp-content\/uploads\/2025\/08\/Ingles-Res.-1860-17-1.pdf\">Ingles-Res.-1860-17-1<\/a><a href=\"https:\/\/isfd81-bue.infd.edu.ar\/sitio\/wp-content\/uploads\/2025\/08\/Ingles-Res.-1860-17-1.pdf\" class=\"wp-block-file__button wp-element-button\" download aria-describedby=\"wp-block-file--media-704fca6b-f222-43d0-890d-5c62e8ffff4a\">Descarga<\/a><\/div>\n\n\n\n<hr class=\"wp-block-separator has-css-opacity\"\/>\n\n\n\n<h3 class=\"wp-block-heading\"><strong>Profesorado de Ingl\u00e9s Res. 1860\/17<\/strong><\/h3>\n\n\n\n<p>Duraci\u00f3n: 4 a\u00f1os.<\/p>\n\n\n\n<div class=\"wp-block-file\"><object class=\"wp-block-file__embed\" data=\"https:\/\/isfd81-bue.infd.edu.ar\/sitio\/wp-content\/uploads\/2025\/08\/Ingles-Res.-1860-17.pdf\" type=\"application\/pdf\" style=\"width:100%;height:600px\" aria-label=\"Incrustado de Ingles-Res.-1860-17.\"><\/object><a id=\"wp-block-file--media-901cc6ab-93df-4041-9895-cc88c7b487d8\" href=\"https:\/\/isfd81-bue.infd.edu.ar\/sitio\/wp-content\/uploads\/2025\/08\/Ingles-Res.-1860-17.pdf\">Ingles-Res.-1860-17<\/a><a href=\"https:\/\/isfd81-bue.infd.edu.ar\/sitio\/wp-content\/uploads\/2025\/08\/Ingles-Res.-1860-17.pdf\" class=\"wp-block-file__button wp-element-button\" download aria-describedby=\"wp-block-file--media-901cc6ab-93df-4041-9895-cc88c7b487d8\">Descarga<\/a><\/div>\n\n\n\n<hr class=\"wp-block-separator has-css-opacity\"\/>\n\n\n\n<h3 class=\"wp-block-heading\"><strong>Tecnicatura Superior en Econom\u00eda Social para el Desarrollo Local <\/strong><\/h3>\n\n\n\n<p>Duraci\u00f3n: 3 a\u00f1os.<\/p>\n\n\n\n<div class=\"wp-block-file\"><a id=\"wp-block-file--media-ffdf9606-16ec-48c3-9076-a5b58122c40c\" href=\"http:\/\/isfdyt81.edu.ar\/wp-content\/uploads\/2021\/12\/Tecnicatura-Superior-en-Economia-Social-para-el-Desarrollo-Local.pdf\">Dise\u00f1o curricular de la carrera<\/a><a href=\"http:\/\/isfdyt81.edu.ar\/wp-content\/uploads\/2021\/12\/Tecnicatura-Superior-en-Economia-Social-para-el-Desarrollo-Local.pdf\" class=\"wp-block-file__button wp-element-button\" download aria-describedby=\"wp-block-file--media-ffdf9606-16ec-48c3-9076-a5b58122c40c\">Descarga<\/a><\/div>\n\n\n\n<hr class=\"wp-block-separator has-alpha-channel-opacity\"\/>\n\n\n\n<h3 class=\"wp-block-heading\"><strong>Profesorado de Educaci\u00f3n F\u00edsica &#8211; Resoluci\u00f3n 2432\/09<\/strong><\/h3>\n\n\n\n<p><strong>Duraci\u00f3n:<\/strong> 4 a\u00f1os<\/p>\n\n\n\n<div class=\"wp-block-file\"><object class=\"wp-block-file__embed\" data=\"https:\/\/isfdyt81.edu.ar\/wp-content\/uploads\/2022\/12\/Diseno-Curricular-Profesorado-de-Educacion-Fisica.pdf\" type=\"application\/pdf\" style=\"width:100%;height:600px\" aria-label=\"Incrustado de Profesorado-de-Educaci\u00f3n-F\u00edsica.\"><\/object><a id=\"wp-block-file--media-dada7d7d-0f51-45e0-aead-960237ad3bd8\" href=\"https:\/\/isfdyt81.edu.ar\/wp-content\/uploads\/2022\/12\/Diseno-Curricular-Profesorado-de-Educacion-Fisica.pdf\">Profesorado-de-Educaci\u00f3n-F\u00edsica<\/a><a href=\"https:\/\/isfdyt81.edu.ar\/wp-content\/uploads\/2022\/12\/Diseno-Curricular-Profesorado-de-Educacion-Fisica.pdf\" class=\"wp-block-file__button wp-element-button\" download aria-describedby=\"wp-block-file--media-dada7d7d-0f51-45e0-aead-960237ad3bd8\">Descarga<\/a><\/div>\n\n\n\n<hr class=\"wp-block-separator has-alpha-channel-opacity\"\/>\n\n\n\n<h3 class=\"wp-block-heading\"><strong>Tecnicatura Superior en Psicopedagog\u00eda &#8211; Resoluci\u00f3n 2460\/11<\/strong><\/h3>\n\n\n\n<p><strong>Duraci\u00f3n:<\/strong> 4 a\u00f1os<\/p>\n\n\n\n<div class=\"wp-block-file\"><object class=\"wp-block-file__embed\" data=\"https:\/\/isfdyt81.edu.ar\/wp-content\/uploads\/2022\/12\/Tecnicatura-Superior-en-Psicopedagogia-Res.-2460-11.pdf\" type=\"application\/pdf\" style=\"width:100%;height:600px\" aria-label=\"Incrustado de Tecnicatura-Superior-en-Psicopedagogia-Res.-2460-11.\"><\/object><a id=\"wp-block-file--media-5091df08-0f8a-4444-9747-3c0cb76639d8\" href=\"https:\/\/isfdyt81.edu.ar\/wp-content\/uploads\/2022\/12\/Tecnicatura-Superior-en-Psicopedagogia-Res.-2460-11.pdf\">Tecnicatura-Superior-en-Psicopedagogia-Res.-2460-11<\/a><a href=\"https:\/\/isfdyt81.edu.ar\/wp-content\/uploads\/2022\/12\/Tecnicatura-Superior-en-Psicopedagogia-Res.-2460-11.pdf\" class=\"wp-block-file__button wp-element-button\" download aria-describedby=\"wp-block-file--media-5091df08-0f8a-4444-9747-3c0cb76639d8\">Descarga<\/a><\/div>\n\n\n\n<hr class=\"wp-block-separator has-alpha-channel-opacity\"\/>\n\n\n\n<h3 class=\"wp-block-heading has-medium-font-size\"><strong>PROFESORADO DE EDUCACI\u00d3N SECUNDARIA T\u00c9CNICO PROFESIONAL EN PRODUCCI\u00d3N AGROPECUARIA<\/strong><\/h3>\n\n\n\n<div class=\"wp-block-file\"><object class=\"wp-block-file__embed\" data=\"https:\/\/isfdyt81.edu.ar\/wp-content\/uploads\/2025\/07\/Diseno-Curricular-PROFESORADO-DE-EDUCACION-SECUNDARIA-TECNICO-PROFESIONAL-EN-PRODUCCION-AGROPECU.pdf\" type=\"application\/pdf\" style=\"width:100%;height:600px\" aria-label=\"Incrustado de DISE\u00d1O-CURRICULAR-PAGRO.\"><\/object><a id=\"wp-block-file--media-682be4ec-149d-4d05-9531-3b28f2d08a59\" href=\"https:\/\/isfdyt81.edu.ar\/wp-content\/uploads\/2025\/07\/Diseno-Curricular-PROFESORADO-DE-EDUCACION-SECUNDARIA-TECNICO-PROFESIONAL-EN-PRODUCCION-AGROPECU.pdf\">DISE\u00d1O-CURRICULAR-PAGRO<\/a><a href=\"https:\/\/isfdyt81.edu.ar\/wp-content\/uploads\/2025\/07\/Diseno-Curricular-PROFESORADO-DE-EDUCACION-SECUNDARIA-TECNICO-PROFESIONAL-EN-PRODUCCION-AGROPECU.pdf\" class=\"wp-block-file__button wp-element-button\" download aria-describedby=\"wp-block-file--media-682be4ec-149d-4d05-9531-3b28f2d08a59\">Descarga<\/a><\/div>\n\n\n\n<hr class=\"wp-block-separator has-alpha-channel-opacity\"\/>\n\n\n\n<div class=\"wp-block-file\"><object class=\"wp-block-file__embed\" data=\"https:\/\/isfdyt81.edu.ar\/wp-content\/uploads\/2023\/11\/PROFESORADO-DE-EDUCACION-SECUNDARIA-EN-QUIMICA-2022.pdf\" type=\"application\/pdf\" style=\"width:100%;height:600px\" aria-label=\"Incrustado de PROFESORADO DE EDUCACI\u00d3N SECUNDARIA EN QU\u00cdMICA 2022.\"><\/object><a id=\"wp-block-file--media-00f03aff-8a3d-4b95-bb72-e66cd0f68d55\" href=\"https:\/\/isfdyt81.edu.ar\/wp-content\/uploads\/2023\/11\/PROFESORADO-DE-EDUCACION-SECUNDARIA-EN-QUIMICA-2022.pdf\">PROFESORADO DE EDUCACI\u00d3N SECUNDARIA EN QU\u00cdMICA 2022<\/a><a href=\"https:\/\/isfdyt81.edu.ar\/wp-content\/uploads\/2023\/11\/PROFESORADO-DE-EDUCACION-SECUNDARIA-EN-QUIMICA-2022.pdf\" class=\"wp-block-file__button wp-element-button\" download aria-describedby=\"wp-block-file--media-00f03aff-8a3d-4b95-bb72-e66cd0f68d55\">Descarga<\/a><\/div>\n\n\n\n<hr class=\"wp-block-separator has-alpha-channel-opacity\"\/>\n\n\n\n<div class=\"wp-block-file\"><object class=\"wp-block-file__embed\" data=\"https:\/\/isfdyt81.edu.ar\/wp-content\/uploads\/2024\/10\/TS_en_Bibliotecologia_de_Instituciones_Educativas_Res_5498_23_y_Anexo.pdf\" type=\"application\/pdf\" style=\"width:100%;height:600px\" aria-label=\"Incrustado de TECNICATURA SUPERIOR EN BIBLIOTECOLOG\u00cdA DE INSTITUCIONES EDUCATIVAS Res. 5498-23 y Anexo.\"><\/object><a id=\"wp-block-file--media-0e616329-ada4-400a-82d1-36695191a320\" href=\"https:\/\/isfdyt81.edu.ar\/wp-content\/uploads\/2024\/10\/TS_en_Bibliotecologia_de_Instituciones_Educativas_Res_5498_23_y_Anexo.pdf\">TECNICATURA SUPERIOR EN BIBLIOTECOLOG\u00cdA DE INSTITUCIONES EDUCATIVAS Res. 5498-23 y Anexo<\/a><a href=\"https:\/\/isfdyt81.edu.ar\/wp-content\/uploads\/2024\/10\/TS_en_Bibliotecologia_de_Instituciones_Educativas_Res_5498_23_y_Anexo.pdf\" class=\"wp-block-file__button wp-element-button\" download aria-describedby=\"wp-block-file--media-0e616329-ada4-400a-82d1-36695191a320\">Descarga<\/a><\/div>\n\n\n\n<p><\/p>\n","protected":false},"excerpt":{"rendered":"<p>Carreras del Instituto Superior de Formaci\u00f3n Docente y T\u00e9cnica N\u00ba 81 Profesorado de Educaci\u00f3n Primaria Duraci\u00f3n: 4 a\u00f1os. Profesorado de Educaci\u00f3n Inicial SEDE C. N. Otamendi Duraci\u00f3n: 4 a\u00f1os. Profesorado de Matem\u00e1tica. Res. 13259\/99 (en ciclo cerrado) Duraci\u00f3n: 4 a\u00f1os. Profesorado de Matem\u00e1tica. Res. 1861\/17&nbsp; Duraci\u00f3n: 4 a\u00f1os. Profesorado de Lengua y Literatura Res. 13259\/99 &#8230; <a title=\"Informaci\u00f3n de Carreras\" class=\"read-more\" href=\"https:\/\/isfd81-bue.infd.edu.ar\/sitio\/informacion-de-carreras\/\" aria-label=\"More on Informaci\u00f3n de Carreras\">[+]<\/a><\/p>\n","protected":false},"author":1708,"featured_media":0,"parent":0,"menu_order":0,"comment_status":"closed","ping_status":"closed","template":"","meta":[],"acf":[],"_links":{"self":[{"href":"https:\/\/isfd81-bue.infd.edu.ar\/sitio\/wp-json\/wp\/v2\/pages\/1223"}],"collection":[{"href":"https:\/\/isfd81-bue.infd.edu.ar\/sitio\/wp-json\/wp\/v2\/pages"}],"about":[{"href":"https:\/\/isfd81-bue.infd.edu.ar\/sitio\/wp-json\/wp\/v2\/types\/page"}],"author":[{"embeddable":true,"href":"https:\/\/isfd81-bue.infd.edu.ar\/sitio\/wp-json\/wp\/v2\/users\/1708"}],"replies":[{"embeddable":true,"href":"https:\/\/isfd81-bue.infd.edu.ar\/sitio\/wp-json\/wp\/v2\/comments?post=1223"}],"version-history":[{"count":3,"href":"https:\/\/isfd81-bue.infd.edu.ar\/sitio\/wp-json\/wp\/v2\/pages\/1223\/revisions"}],"predecessor-version":[{"id":1253,"href":"https:\/\/isfd81-bue.infd.edu.ar\/sitio\/wp-json\/wp\/v2\/pages\/1223\/revisions\/1253"}],"wp:attachment":[{"href":"https:\/\/isfd81-bue.infd.edu.ar\/sitio\/wp-json\/wp\/v2\/media?parent=1223"}],"curies":[{"name":"wp","href":"https:\/\/api.w.org\/{rel}","templated":true}]}}