{"id":1220,"date":"2025-08-26T16:15:17","date_gmt":"2025-08-26T19:15:17","guid":{"rendered":"https:\/\/isfd81-bue.infd.edu.ar\/sitio\/?page_id=1220"},"modified":"2025-10-27T10:04:06","modified_gmt":"2025-10-27T13:04:06","slug":"pre-inscripcion","status":"publish","type":"page","link":"https:\/\/isfd81-bue.infd.edu.ar\/sitio\/pre-inscripcion\/","title":{"rendered":"PRE INSCRIPCI\u00d3N"},"content":{"rendered":"\n<h3 class=\"wp-block-heading\"><\/h3>\n\n\n\n<h3 class=\"wp-block-heading has-white-color has-text-color has-background has-link-color has-medium-font-size wp-elements-88ddb073b7b29a0cad0b799050ec99ca\" style=\"background-color:#18841d\"><strong>OFERTA ACAD\u00c9MICA EN SEDE MIRAMAR<\/strong><\/h3>\n\n\n\n<p class=\"has-medium-font-size\">\u2022\u00a0\u00a0<strong>PROFESORADO DE EDUCACI\u00d3N SECUNDARIA T\u00c9CNICO PROFESIONAL EN PRODUCCI\u00d3N AGROPECUARIA <\/strong>(4 a\u00f1os) \u2013\u00a0Turno ma\u00f1ana<\/p>\n\n\n\n<p class=\"has-medium-font-size\">\u2022&nbsp;&nbsp;<strong>PROFESORADO EN EDUCACI\u00d3N PRIMARIA<\/strong> (4 a\u00f1os) \u2013&nbsp;Turno ma\u00f1ana<\/p>\n\n\n\n<p class=\"has-medium-font-size\">\u2022&nbsp;&nbsp;<strong>PROFESORADO EN EDUCACI\u00d3N INICIAL<\/strong> (4 a\u00f1os) \u2013&nbsp;Turno tarde<\/p>\n\n\n\n<p class=\"has-medium-font-size\">\u2022&nbsp;&nbsp;<strong>PROFESORADO DE INGL\u00c9S<\/strong> (4 a\u00f1os) \u2013&nbsp;Turno tarde<\/p>\n\n\n\n<p class=\"has-medium-font-size\">\u2022&nbsp;&nbsp;<strong>PROFESORADO DE LENGUA Y LITERATURA<\/strong> (4 a\u00f1os) \u2013&nbsp;Turno tarde<\/p>\n\n\n\n<p class=\"has-medium-font-size\">\u2022&nbsp;&nbsp;<strong>TECNICATURA SUPERIOR EN BIBLIOTECOLOG\u00cdA DE INSTITUCIONES EDUCATIVAS<\/strong> (2 a\u00f1os) \u2013&nbsp;Turno vespertino<\/p>\n\n\n\n<p class=\"has-medium-font-size\">\u2022&nbsp;&nbsp;<strong>CUFBA<\/strong> &nbsp;(Curso de Formaci\u00f3n B\u00e1sica en Ingl\u00e9s) (1 a\u00f1o \u2013 Carga horaria reducida)&nbsp;\u2013&nbsp;Turno vespertino<\/p>\n\n\n\n<p class=\"has-medium-font-size\">\u2022&nbsp;&nbsp;<strong>PROFESORADO DE HISTORIA<\/strong> (4 a\u00f1os)&nbsp;\u2013&nbsp;Turno vespertino<\/p>\n\n\n\n<p class=\"has-medium-font-size\">\u2022&nbsp;&nbsp;<strong>PROFESORADO DE QU\u00cdMICA<\/strong> (4 a\u00f1os)&nbsp;\u2013&nbsp;Turno vespertino<\/p>\n\n\n\n<p class=\"has-medium-font-size\"><strong>\u2022&nbsp;&nbsp;TECNICATURA SUPERIOR EN PSICOPEDAGOG\u00cdA<\/strong> (4 a\u00f1os) \u2013&nbsp;Turno vespertino<\/p>\n\n\n\n<h3 class=\"wp-block-heading has-white-color has-text-color has-background has-link-color has-medium-font-size wp-elements-0898dd373ba00fa1633883d7bfefedd2\" style=\"background-color:#18841d\"><strong><strong>OFERTA ACAD\u00c9MICA<\/strong> EN ANEXO OTAMENDI<\/strong><\/h3>\n\n\n\n<p class=\"has-medium-font-size\">\u2022&nbsp;&nbsp;<strong>PROFESORADO EN EDUCACI\u00d3N PRIMARIA<\/strong> (4 a\u00f1os) \u2013&nbsp;Turno tarde<\/p>\n\n\n\n<p class=\"has-medium-font-size\"><strong>En el siguiente enlace est\u00e1n los dise\u00f1os curriculares de cada carrera. En ellos pod\u00e9s encontrar el nombre de todas las materias que tendr\u00e1s a lo largo de la carrera:<\/strong> <a href=\"http:\/\/isfdyt81.edu.ar\/carreras\/\" target=\"_blank\" rel=\"noreferrer noopener\">http:\/\/isfdyt81.edu.ar\/carreras\/<\/a><br><\/p>\n\n\n\n<h2 class=\"wp-block-heading\" id=\"m_3355278881225333947gmail-block-491a1fb9-2f6e-4e7d-905c-4766b4830307\"><span style=\"text-decoration: underline;\">Para inscribirte necesitas:<\/span><\/h2>\n\n\n\n<h3 class=\"wp-block-heading has-black-color has-light-green-cyan-background-color has-text-color has-background has-medium-font-size\"><strong>PASO 1<\/strong> &#8211;<strong> <\/strong>Completar el siguiente formulario<\/h3>\n\n\n\n<p class=\"has-vivid-cyan-blue-color has-text-color has-link-color has-medium-font-size wp-elements-4c2e48ca4ddf8b1a0e79b8ac2d45a876\"><em><a href=\"https:\/\/forms.gle\/LnYP2mt3vQ5TPPCW6\" data-type=\"link\" data-id=\"https:\/\/forms.gle\/LnYP2mt3vQ5TPPCW6\">https:\/\/forms.gle\/B66QcgLjyL6anDPM6<\/a><\/em><\/p>\n\n\n\n<h3 class=\"wp-block-heading has-black-color has-light-green-cyan-background-color has-text-color has-background has-medium-font-size\"><strong>PASO 2<\/strong> &#8211; Acercar a la sede <span style=\"text-decoration: underline;\">EN UN FOLIO OFICIO<\/span> la siguiente documentaci\u00f3n (<em>Durante el mes de diciembre informaremos por correo electr\u00f3nico a partir de cu\u00e1ndo deber\u00e1n acercarla<\/em>):<\/h3>\n\n\n\n<p class=\"has-medium-font-size\">La documentaci\u00f3n, <strong>una vez requerida por correo electr\u00f3nico y habiendo completado el formulario del Paso 1, <\/strong>se puede acercar al Instituto de lunes a viernes de 9:00 a 11:00 y de 13:30 a 20:00 en Paseo Leloir 780; en Otamendi nos encontras de lunes a viernes de 14:00 a 16:00 en Col\u00f3n 2451. <em><mark style=\"background-color:rgba(0, 0, 0, 0)\" class=\"has-inline-color has-vivid-red-color\">Durante el mes de enero no se recibe documentaci\u00f3n pero podes completar el formulario online, y a partir de febrero, acercar la documentaci\u00f3n.<\/mark><\/em><\/p>\n\n\n\n<p class=\"has-medium-font-size\">\u2022&nbsp;&nbsp;<strong>Ficha de inscripci\u00f3n<\/strong> (Disponible online:&nbsp;<a href=\"http:\/\/servicios2.abc.gov.ar\/lainstitucion\/sistemaeducativo\/educsuperiorycapeducativa\/planilla_inscripcion\/Planilla_Inscripcion.pdf\">Descargar ficha<\/a>, en el buffet del instituto o la librer\u00eda Clip en Otamendi)<\/p>\n\n\n\n<p class=\"has-medium-font-size\">\u2022&nbsp;&nbsp;<strong>Fotocopia de Certificado Anal\u00edtico del Secundario completo<\/strong> (o Certificado de t\u00edtulo en tr\u00e1mite).<em> En el caso de adeudar materias solicitar una <strong>constancia de finalizaci\u00f3n del \u00faltimo a\u00f1o del Secundario<\/strong>.<\/em><\/p>\n\n\n\n<p class=\"has-medium-font-size\">\u2022&nbsp;&nbsp;<strong>Fotocopia de Partida de Nacimiento<\/strong>.<\/p>\n\n\n\n<p class=\"has-medium-font-size\">\u2022&nbsp;&nbsp;<strong>Fotocopia de DNI<\/strong> (frente y dorso).<\/p>\n\n\n\n<p class=\"has-medium-font-size\" style=\"font-style:normal;font-weight:400\">\u2022&nbsp;&nbsp;<strong>1 Foto carnet<\/strong>.<\/p>\n\n\n\n<p class=\"has-medium-font-size\" style=\"font-style:normal;font-weight:400\">\u2022&nbsp;&nbsp;<strong>Certificado de buena salud.<\/strong> <\/p>\n\n\n\n<p class=\"has-medium-font-size\" style=\"font-style:normal;font-weight:400\">\u2022&nbsp;&nbsp;<strong>Certificado de aptitud psicol\u00f3gica.<\/strong> <\/p>\n\n\n\n<p class=\"has-medium-font-size\" style=\"font-style:normal;font-weight:400\">\u2022&nbsp;&nbsp;<strong>1 Folio<\/strong>.<\/p>\n\n\n\n<h3 class=\"wp-block-heading has-black-color has-light-green-cyan-background-color has-text-color has-background has-link-color has-medium-font-size wp-elements-09f2b0c7c7cbba4f1e0c6cfe38a9d1f2\" id=\"m_3355278881225333947gmail-block-491a1fb9-2f6e-4e7d-905c-4766b4830307\"><strong>PASO 3\u00a0<\/strong>\u2013 Acercarse al instituto con la documentaci\u00f3n requerida completa. Esto se realiza partir de la fecha de inicio de la inscripci\u00f3n oficial para la carrera en la cual se inscribe.<\/h3>\n\n\n\n<p><strong>Fechas de inscripci\u00f3n oficial por carrera.<\/strong><\/p>\n\n\n\n<p><strong>Bibliotecaria\/o de Institutciones Educativas<\/strong>: a partir del 3 de noviembre 9 am<\/p>\n\n\n\n<p><strong>Profesor\/a de Educaci\u00f3n Secundaria t\u00e9cnico profesional en Producci\u00f3n Agropecuaria<\/strong>: a partir del 4 de noviembre 9 am<\/p>\n\n\n\n<p><strong>Profesor\/a de Educaci\u00f3n Secundaria en Qu\u00edmica<\/strong>: a partir del 5 de noviembre 9 am<\/p>\n\n\n\n<p><strong>Profesor\/a de Educaci\u00f3n Inicial<\/strong>: a partir del 10 de noviembre 9 am<\/p>\n\n\n\n<p><strong>Profesor\/a de Educaci\u00f3n<\/strong>&nbsp;<strong>Primaria<\/strong>&nbsp;<em>(Sede Miramar y Sede Otamendi)<\/em>: a partir del 12 de noviembre 9 am<\/p>\n\n\n\n<p><strong>T\u00e9cnica\/o en Psicopedagog\u00eda<\/strong>: a partir del 17 de noviembre 9 am<\/p>\n\n\n\n<p><strong>Profesor\/a de Ingl\u00e9s<\/strong>: a partir del 19 de noviembre 9 am<\/p>\n\n\n\n<p><strong>Profesor\/a de Educaci\u00f3n Secundaria en Historia<\/strong>: a partir del 25 de noviembre 9 am<\/p>\n\n\n\n<p><strong>Profesor\/a de Educaci\u00f3n Secundaria en Lengua y Literatura<\/strong>: a partir del 27 de noviembre 9 am<\/p>\n","protected":false},"excerpt":{"rendered":"<p>OFERTA ACAD\u00c9MICA EN SEDE MIRAMAR \u2022\u00a0\u00a0PROFESORADO DE EDUCACI\u00d3N SECUNDARIA T\u00c9CNICO PROFESIONAL EN PRODUCCI\u00d3N AGROPECUARIA (4 a\u00f1os) \u2013\u00a0Turno ma\u00f1ana \u2022&nbsp;&nbsp;PROFESORADO EN EDUCACI\u00d3N PRIMARIA (4 a\u00f1os) \u2013&nbsp;Turno ma\u00f1ana \u2022&nbsp;&nbsp;PROFESORADO EN EDUCACI\u00d3N INICIAL (4 a\u00f1os) \u2013&nbsp;Turno tarde \u2022&nbsp;&nbsp;PROFESORADO DE INGL\u00c9S (4 a\u00f1os) \u2013&nbsp;Turno tarde \u2022&nbsp;&nbsp;PROFESORADO DE LENGUA Y LITERATURA (4 a\u00f1os) \u2013&nbsp;Turno tarde \u2022&nbsp;&nbsp;TECNICATURA SUPERIOR EN BIBLIOTECOLOG\u00cdA DE &#8230; <a title=\"PRE INSCRIPCI\u00d3N\" class=\"read-more\" href=\"https:\/\/isfd81-bue.infd.edu.ar\/sitio\/pre-inscripcion\/\" aria-label=\"More on PRE INSCRIPCI\u00d3N\">[+]<\/a><\/p>\n","protected":false},"author":1708,"featured_media":0,"parent":0,"menu_order":0,"comment_status":"closed","ping_status":"closed","template":"","meta":[],"acf":[],"_links":{"self":[{"href":"https:\/\/isfd81-bue.infd.edu.ar\/sitio\/wp-json\/wp\/v2\/pages\/1220"}],"collection":[{"href":"https:\/\/isfd81-bue.infd.edu.ar\/sitio\/wp-json\/wp\/v2\/pages"}],"about":[{"href":"https:\/\/isfd81-bue.infd.edu.ar\/sitio\/wp-json\/wp\/v2\/types\/page"}],"author":[{"embeddable":true,"href":"https:\/\/isfd81-bue.infd.edu.ar\/sitio\/wp-json\/wp\/v2\/users\/1708"}],"replies":[{"embeddable":true,"href":"https:\/\/isfd81-bue.infd.edu.ar\/sitio\/wp-json\/wp\/v2\/comments?post=1220"}],"version-history":[{"count":3,"href":"https:\/\/isfd81-bue.infd.edu.ar\/sitio\/wp-json\/wp\/v2\/pages\/1220\/revisions"}],"predecessor-version":[{"id":1284,"href":"https:\/\/isfd81-bue.infd.edu.ar\/sitio\/wp-json\/wp\/v2\/pages\/1220\/revisions\/1284"}],"wp:attachment":[{"href":"https:\/\/isfd81-bue.infd.edu.ar\/sitio\/wp-json\/wp\/v2\/media?parent=1220"}],"curies":[{"name":"wp","href":"https:\/\/api.w.org\/{rel}","templated":true}]}}